{"id":24319,"date":"2024-12-23T14:49:48","date_gmt":"2024-12-23T14:49:48","guid":{"rendered":"https:\/\/gerfincas.com\/?page_id=24319"},"modified":"2026-02-24T21:20:00","modified_gmt":"2026-02-24T21:20:00","slug":"alquiler","status":"publish","type":"page","link":"https:\/\/gerfincas.com\/ca\/alquiler\/","title":{"rendered":"Lloguer"},"content":{"rendered":"<div data-elementor-type=\"wp-page\" data-elementor-id=\"24319\" class=\"elementor elementor-24319\">\n\t\t\t\t<div class=\"elementor-element elementor-element-ae84bd1 e-flex e-con-boxed e-con e-parent\" data-id=\"ae84bd1\" data-element_type=\"container\">\n\t\t\t\t\t<div class=\"e-con-inner\">\n\t\t\t\t<div class=\"elementor-element elementor-element-a3991d9 elementor-widget elementor-widget-rhea-list-layout-properties-widget\" data-id=\"a3991d9\" data-element_type=\"widget\" data-widget_type=\"rhea-list-layout-properties-widget.default\">\n\t\t\t\t<div class=\"elementor-widget-container\">\n\t\t\t        <section id=\"rh-a3991d9\" class=\"rh_elementor_widget rh_latest-properties rhea_properties_default rhea_ele_property_ajax_target rhea_latest_properties_ajax elementor_properties_grid elementor_property_card_parent rhea_has_tooltip\">\n\n\t\t\t\n<div class=\"container-latest-properties\">\n    <div class=\"wrapper-section-contents\">\n        <div class=\"home-properties-section-inner home-properties-section-inner-target\">\n\t\t\t                <div class=\"rh_properties_element rh_properties_pagination_append\">\n\t\t\t\t                    <div class=\"wrapper_properties_list_ele\">\n\n                        <article class=\"rh_prop_card_elementor\">\n\n                            <div class=\"rh_prop_card__wrap\">\n\n\t\t\t\t\t\t\t\t\n\t\t\t\t\t\t\t\t\n                                <figure class=\"rh_prop_card__thumbnail\" style=\"background-image: url('https:\/\/gerfincas.com\/wp-content\/uploads\/2026\/02\/500806_57531959250_750c85d1-df8e-4a89-b666-a5c810135d15-488x326.jpg')\">\n                                    <div class=\"rhea_figure_property_one\">\n                                        <div class=\"rhea_top_tags_box\">\n\t\t\t\t\t\t\t\t\t\t\t                                        <\/div>\n\n                                        <div class=\"rh_overlay\"><\/div>\n                                        <div class=\"rh_overlay__contents rh_overlay__fadeIn-bottom\">\n                                            <a href=\"https:\/\/gerfincas.com\/ca\/propiedad\/local-en-calle-pau-marsal-terrassa\/\">Ver propiedad                                            <\/a>\n                                        <\/div>\n\t\t\t\t\t\t\t\t\t\t\n                                    <\/div>\n\n                                    <div class=\"rh_prop_card__btns\">\n\t\t\t\t\t\t\t\t\t\t                    <span class=\"favorite-btn-wrap favorite-btn-24447\">\n\t\t\t\t\t\t\t<span class=\"favorite-placeholder highlight__red hide user_not_logged_in\" data-propertyid=\"24447\"  data-tooltip=\"A\u00f1adido a Favoritos\" >\n\t\t\t\t\t\t\t\t<svg xmlns=\"http:\/\/www.w3.org\/2000\/svg\" width=\"24\" height=\"24\" viewbox=\"0 0 24 21\">\n  <path class=\"rh_svg\" d=\"M1089.48,1923.98a6.746,6.746,0,0,1,9.54,9.54L1089,1943l-10.02-9.48a6.746,6.746,0,0,1,9.54-9.54A0.641,0.641,0,0,0,1089.48,1923.98Z\" transform=\"translate(-1077 -1922)\"\/>\n<\/svg>\t\t\t\t\t\t\t<\/span>\n\t\t\t\t\t\t\t<a href=\"#\" class=\"favorite add-to-favorite user_not_logged_in\" data-propertyid=\"24447\"  data-tooltip=\"A\u00f1adir a favoritos\" >\n\t\t\t\t\t\t\t\t<svg xmlns=\"http:\/\/www.w3.org\/2000\/svg\" width=\"24\" height=\"24\" viewbox=\"0 0 24 21\">\n  <path class=\"rh_svg\" d=\"M1089.48,1923.98a6.746,6.746,0,0,1,9.54,9.54L1089,1943l-10.02-9.48a6.746,6.746,0,0,1,9.54-9.54A0.641,0.641,0,0,0,1089.48,1923.98Z\" transform=\"translate(-1077 -1922)\"\/>\n<\/svg>\t\t\t\t\t\t\t<\/a>\n\t\t\t\t\t\t<\/span>\n\t\t\t\t\t\t\t<span class=\"add-to-compare-span rhea_compare_icons rhea_svg_fav_icons compare-btn-24447\"\n\t\t\t\tdata-property-id=\"24447\"\n\t\t\t\tdata-property-title=\"Local en Calle Pau Marsal, Terrassa\"\n\t\t\t\tdata-property-url=\"https:\/\/gerfincas.com\/ca\/propiedad\/local-en-calle-pau-marsal-terrassa\/\"\n\t\t\t\tdata-property-image=\"https:\/\/gerfincas.com\/wp-content\/uploads\/2026\/02\/500806_57531959250_750c85d1-df8e-4a89-b666-a5c810135d15-488x326.jpg\"\n\n\t\t>\n\t\t\t<span class=\"compare-placeholder highlight hide\"\n\t\t\t\tdata-tooltip=\"A\u00f1adido para comparar\">\n\t\t\t\t<svg xmlns=\"http:\/\/www.w3.org\/2000\/svg\" width=\"24\" height=\"24\" viewbox=\"0 0 24 24\">\n  <path d=\"M1144,1942l-8,1v3l-7-5,7-5v3l8,1A1,1,0,0,1,1144,1942Zm-22-14,8,1v3l7-5-7-5v3l-8,1A1,1,0,0,0,1122,1928Z\" transform=\"translate(-1121 -1922)\"\/>\n<\/svg>\n\t\t\t<\/span>\n\t\t\t<a class=\"rh_trigger_compare rhea_add_to_compare\" data-tooltip=\"A\u00f1adir a la lista para comparar\" href=\"https:\/\/gerfincas.com\/ca\/propiedad\/local-en-calle-pau-marsal-terrassa\/\">\n\t\t\t\t<svg xmlns=\"http:\/\/www.w3.org\/2000\/svg\" width=\"24\" height=\"24\" viewbox=\"0 0 24 24\">\n  <path d=\"M1144,1942l-8,1v3l-7-5,7-5v3l8,1A1,1,0,0,1,1144,1942Zm-22-14,8,1v3l7-5-7-5v3l-8,1A1,1,0,0,0,1122,1928Z\" transform=\"translate(-1121 -1922)\"\/>\n<\/svg>\n\t\t\t<\/a>\n\t\t<\/span>\n\t\t                                    <\/div>\n                                <\/figure>\n\n                                <div class=\"rh_prop_card__details_elementor\">\n\n                                    <div class=\"rhea-list-card-detail-box\">\n                                        <h3><a href=\"https:\/\/gerfincas.com\/ca\/propiedad\/local-en-calle-pau-marsal-terrassa\/\">Local en Calle Pau Marsal, Terrassa<\/a><\/h3>\n\n\t\t\t\t\t\t\t\t\t\t\n                                            <p class=\"rh_prop_card__excerpt\">\u00bfBuscas un local espacioso, con instalaciones de luz y agua,&hellip;<\/p>\n\n\t\t\t\t\t\t\t\t\t\t\t\n                                        <div class=\"rh_prop_card__meta_wrap_elementor\">\n\n\t\t\t\t\t\t\t\t\t\t\t    <div class=\"rh_prop_card_meta_wrap_stylish\">\n\t\t        <div class=\"rh_prop_card__meta\" style=\"order: 2\">\n\t\t\t\t\t\t\t<span class=\"rhea_meta_titles\">Banys<\/span>                <div class=\"rhea_meta_icon_wrapper\">\n\t\t\t\t\t<svg class=\"rh_svg\" xmlns=\"http:\/\/www.w3.org\/2000\/svg\" width=\"23.69\" height=\"24\" viewbox=\"0 0 23.69 24\">\n  <path d=\"M1204,601a8,8,0,0,1,16,0v16h-2V601a6,6,0,0,0-12,0v1h-2v-1Zm7,6a6,6,0,0,0-12,0h12Zm-6,2a1,1,0,0,1,1,1v1a1,1,0,0,1-2,0v-1A1,1,0,0,1,1205,609Zm0,5a1,1,0,0,1,1,1v1a1,1,0,0,1-2,0v-1A1,1,0,0,1,1205,614Zm4.94-5.343a1,1,0,0,1,1.28.6l0.69,0.878a1,1,0,0,1-1.88.685l-0.69-.879A1,1,0,0,1,1209.94,608.657Zm2.05,4.638a1,1,0,0,1,1.28.6l0.35,0.94a1.008,1.008,0,0,1-.6,1.282,1,1,0,0,1-1.28-.6l-0.35-.939A1.008,1.008,0,0,1,1211.99,613.295Zm-11.93-4.638a1,1,0,0,1,.6,1.282l-0.69.879a1,1,0,1,1-1.87-.682l0.68-.88A1,1,0,0,1,1200.06,608.657Zm-2.05,4.639a1,1,0,0,1,.6,1.281l-0.34.941a1,1,0,0,1-1.88-.683l0.34-.94A1,1,0,0,1,1198.01,613.3Z\" transform=\"translate(-1196.31 -593)\"\/>\n<\/svg>\n\t\t\t\t\t<span class=\"figure\">1<\/span>\t\t\t\t\t                <\/div>\n\t\t\t        <\/div>\n\t\t        <div class=\"rh_prop_card__meta\" style=\"order: 3\">\n\t\t\t\t\t\t\t<span class=\"rhea_meta_titles\">\u00c1rea<\/span>                <div class=\"rhea_meta_icon_wrapper\">\n\t\t\t\t\t<svg class=\"rh_svg\" version=\"1.1\" xmlns=\"http:\/\/www.w3.org\/2000\/svg\" xmlns:xlink=\"http:\/\/www.w3.org\/1999\/xlink\" x=\"0px\" y=\"0px\"\n\t width=\"24px\" height=\"24px\" viewbox=\"0 0 24 24\" enable-background=\"new 0 0 24 24\" xml:space=\"preserve\">\n<g>\n\t<circle cx=\"2\" cy=\"2\" r=\"2\"\/>\n<\/g>\n<g>\n\t<circle cx=\"2\" cy=\"22\" r=\"2\"\/>\n<\/g>\n<g>\n\t<circle cx=\"22\" cy=\"2\" r=\"2\"\/>\n<\/g>\n<rect x=\"1\" y=\"1\" width=\"2\" height=\"22\"\/>\n<rect x=\"1\" y=\"1\" width=\"22\" height=\"2\"\/>\n<path opacity=\"0.5\" d=\"M23,20.277V1h-2v19.277C20.7,20.452,20.452,20.7,20.277,21H1v2h19.277c0.347,0.596,0.984,1,1.723,1\tc1.104,0,2-0.896,2-2C24,21.262,23.596,20.624,23,20.277z\"\/>\n<\/svg>\n\t\t\t\t\t<span class=\"figure\">136<\/span>\t\t\t\t\t<span class=\"label\">m\u00b2<\/span>                <\/div>\n\t\t\t        <\/div>\n\t\t    <\/div>\n\t\n                                        <\/div>\n\n                                    <\/div>\n                                    <div class=\"rhea-list-card-price-box\">\n                                        <div class=\"rh_prop_card__priceLabel\">\n                                            <div class=\"rhea_property_price_box\">\n                                                <span class=\"rh_prop_card__status\">\n                                                    en alquiler                                                <\/span>\n                                                <p class=\"rh_prop_card__price\">\n\t\t\t                                         650\u20ac                                                 <\/p>\n                                            <\/div>\n\t\t\t\t\t\t\t\t\t\t\t                                                <div class=\"rhea_rvr_ratings rvr_rating_right\">\n\t\t\t\t\t\t\t\t\t\t\t\t\t                                                <\/div>\n\t\t\t\t\t\t\t\t\t\t\t                                        <\/div>\n\n\t\t\t\t\t\t\t\t\t\t                                                        <p class=\"rhea_list_card__author\">\n\t\t\t\t\t\t\t\t\t\t\t\t\t\t\t                                                                <span class=\"by\">Por<\/span>\n\t\t\t\t\t\t\t\t\t\t\t\t\t\t\t\t                                                            <span class=\"author\">Leonela Dubois<\/span>\n                                                        <\/p>\n\t\t\t\t\t\t\t\t\t\t\t\t\t\t\n                                    <\/div>\n\n                                <\/div>\n\n                            <\/div>\n\n                        <\/article>\n\n                    <\/div>\n\t\t\t\t\t                <\/div>                <div class=\"rhea_svg_loader\">\n\t\t\t\t\t<svg xmlns=\"http:\/\/www.w3.org\/2000\/svg\" viewbox=\"0 0 32 32\" width=\"32\" height=\"32\" fill=\"#dedede\">\n  <path transform=\"translate(2)\" d=\"M0 12 V20 H4 V12z\"> \n    <animate attributename=\"d\" values=\"M0 12 V20 H4 V12z; M0 4 V28 H4 V4z; M0 12 V20 H4 V12z; M0 12 V20 H4 V12z\" dur=\"1.2s\" repeatcount=\"indefinite\" begin=\"0\" keytimes=\"0;.2;.5;1\" keysplines=\"0.2 0.2 0.4 0.8;0.2 0.6 0.4 0.8;0.2 0.8 0.4 0.8\" calcmode=\"spline\"  \/>\n  <\/path>\n  <path transform=\"translate(8)\" d=\"M0 12 V20 H4 V12z\">\n    <animate attributename=\"d\" values=\"M0 12 V20 H4 V12z; M0 4 V28 H4 V4z; M0 12 V20 H4 V12z; M0 12 V20 H4 V12z\" dur=\"1.2s\" repeatcount=\"indefinite\" begin=\"0.2\" keytimes=\"0;.2;.5;1\" keysplines=\"0.2 0.2 0.4 0.8;0.2 0.6 0.4 0.8;0.2 0.8 0.4 0.8\" calcmode=\"spline\"  \/>\n  <\/path>\n  <path transform=\"translate(14)\" d=\"M0 12 V20 H4 V12z\">\n    <animate attributename=\"d\" values=\"M0 12 V20 H4 V12z; M0 4 V28 H4 V4z; M0 12 V20 H4 V12z; M0 12 V20 H4 V12z\" dur=\"1.2s\" repeatcount=\"indefinite\" begin=\"0.4\" keytimes=\"0;.2;.5;1\" keysplines=\"0.2 0.2 0.4 0.8;0.2 0.6 0.4 0.8;0.2 0.8 0.4 0.8\" calcmode=\"spline\" \/>\n  <\/path>\n  <path transform=\"translate(20)\" d=\"M0 12 V20 H4 V12z\">\n    <animate attributename=\"d\" values=\"M0 12 V20 H4 V12z; M0 4 V28 H4 V4z; M0 12 V20 H4 V12z; M0 12 V20 H4 V12z\" dur=\"1.2s\" repeatcount=\"indefinite\" begin=\"0.6\" keytimes=\"0;.2;.5;1\" keysplines=\"0.2 0.2 0.4 0.8;0.2 0.6 0.4 0.8;0.2 0.8 0.4 0.8\" calcmode=\"spline\" \/>\n  <\/path>\n  <path transform=\"translate(26)\" d=\"M0 12 V20 H4 V12z\">\n    <animate attributename=\"d\" values=\"M0 12 V20 H4 V12z; M0 4 V28 H4 V4z; M0 12 V20 H4 V12z; M0 12 V20 H4 V12z\" dur=\"1.2s\" repeatcount=\"indefinite\" begin=\"0.8\" keytimes=\"0;.2;.5;1\" keysplines=\"0.2 0.2 0.4 0.8;0.2 0.6 0.4 0.8;0.2 0.8 0.4 0.8\" calcmode=\"spline\" \/>\n  <\/path>\n<\/svg>\n                <\/div>\n\t\t\t\t        <\/div>\n    <\/div>\n<\/div><!-- \/.rh_prop_card -->\n\n        <\/section>\n\t\t\t\t<\/div>\n\t\t\t\t<\/div>\n\t\t\t\t\t<\/div>\n\t\t\t\t<\/div>\n\t\t\t\t<\/div>","protected":false},"excerpt":{"rendered":"<p>Ver propiedad Local en Calle Galileu, Terrassa En Gerfincas tenemos el placer de presentar esta amplia nave\/local&hellip; Ba\u00f1os 1 \u00c1rea 72 m\u00b2 en alquiler 590\u20ac Por Sonia Salguero Ver propiedad Local en Plaza Josep Freixa i Argem\u00ed, Terrassa Gerfincas te ofrece este local comercial de 80 m2 situado&hellip; Ba\u00f1os 1 \u00c1rea 80 m\u00b2 en alquiler&#8230;<\/p>","protected":false},"author":1,"featured_media":0,"parent":0,"menu_order":0,"comment_status":"closed","ping_status":"closed","template":"","meta":{"footnotes":""},"class_list":["post-24319","page","type-page","status-publish","hentry"],"_hostinger_reach_plugin_has_subscription_block":false,"_hostinger_reach_plugin_is_elementor":false,"_links":{"self":[{"href":"https:\/\/gerfincas.com\/ca\/wp-json\/wp\/v2\/pages\/24319","targetHints":{"allow":["GET"]}}],"collection":[{"href":"https:\/\/gerfincas.com\/ca\/wp-json\/wp\/v2\/pages"}],"about":[{"href":"https:\/\/gerfincas.com\/ca\/wp-json\/wp\/v2\/types\/page"}],"author":[{"embeddable":true,"href":"https:\/\/gerfincas.com\/ca\/wp-json\/wp\/v2\/users\/1"}],"replies":[{"embeddable":true,"href":"https:\/\/gerfincas.com\/ca\/wp-json\/wp\/v2\/comments?post=24319"}],"version-history":[{"count":4,"href":"https:\/\/gerfincas.com\/ca\/wp-json\/wp\/v2\/pages\/24319\/revisions"}],"predecessor-version":[{"id":24323,"href":"https:\/\/gerfincas.com\/ca\/wp-json\/wp\/v2\/pages\/24319\/revisions\/24323"}],"wp:attachment":[{"href":"https:\/\/gerfincas.com\/ca\/wp-json\/wp\/v2\/media?parent=24319"}],"curies":[{"name":"wp","href":"https:\/\/api.w.org\/{rel}","templated":true}]}}