{"id":3,"date":"2024-08-06T21:08:12","date_gmt":"2024-08-06T21:08:12","guid":{"rendered":"https:\/\/gerfincas.com\/?page_id=3"},"modified":"2026-02-21T16:36:39","modified_gmt":"2026-02-21T16:36:39","slug":"politica-de-privacidad","status":"publish","type":"page","link":"https:\/\/gerfincas.com\/ca\/politica-de-privacidad\/","title":{"rendered":"Pol\u00edtica de privacitat"},"content":{"rendered":"<div data-elementor-type=\"wp-page\" data-elementor-id=\"3\" class=\"elementor elementor-3\">\n\t\t\t\t<div class=\"elementor-element elementor-element-464915a0 e-flex e-con-boxed e-con e-parent\" data-id=\"464915a0\" data-element_type=\"container\">\n\t\t\t\t\t<div class=\"e-con-inner\">\n\t\t\t\t<div class=\"elementor-element elementor-element-33e6473e elementor-widget elementor-widget-text-editor\" data-id=\"33e6473e\" data-element_type=\"widget\" data-widget_type=\"text-editor.default\">\n\t\t\t\t<div class=\"elementor-widget-container\">\n\t\t\t\t\t\t\t<h2>Informaci\u00f3 sobre Protecci\u00f3 de Dades<\/h2><p>1.\u00a0\u00a0\u00a0\u00a0\u00a0<strong>Dades relatives al Responsable<\/strong><\/p><p><b>Responsable Tractament<\/b><br \/>\u2013 Entitat: <b>GERFINGEST S.L<\/b><br \/>\u2013 CIF de la entitat: <span class=\"OYPEnA font-feature-liga-off font-feature-clig-off font-feature-calt-off text-decoration-none text-strikethrough-none\">B65077380<\/span><br \/>\u2013 Direcci\u00f3 de la entitat: PLA\u00c7A DEL PROGR\u00c8S, 42\u2013 (08224) TERRASSA<br \/>\u2013 Email de la entitat: INFO@GERFINCAS.COM<br \/>\u2013 Responsable del tractament : GERM\u00c1N ZAFRA MA\u00d1AS<br \/>\u2013 Tel\u00e8fon del Responsable del tractament : 610 435 926<br \/>\u2013 Direcci\u00f3 email del Responsable del tractament : GERMAN@GERFINCAS.COM<\/p><p>2.\u00a0\u00a0\u00a0\u00a0\u00a0\u00a0\u00a0<strong>Finalitats<\/strong><\/p><p>En compliment del que es disposa en el Reglament Europeu 2016\/679 General de Protecci\u00f3 de Dades i la Llei org\u00e0nica 3\/2018 de Protecci\u00f3 de Dades Personals i Garantia de Drets Digitals, l'informem que, depenent de la relaci\u00f3 que tingui amb nosaltres, en <strong>GERFINGEST<\/strong><b>\u00a0SL<\/b>\u00a0tractem les dades que ens facilita per a alguna, o totes, les seg\u00fcents finalitats:<\/p><p>3.\u00a0\u00a0\u00a0\u00a0\u00a0\u00a0\u00a0<strong>Termini de conservaci\u00f3 de les dades<\/strong><\/p><p>Les seves dades seran conservades per un termini de . En el cas que requereixi la seva eliminaci\u00f3 de forma anticipada, sol\u00b7liciti'l mitjan\u00e7ant l'exercici del dret de supressi\u00f3. Aix\u00ed mateix, les dades que per motius legals hagin de ser emmagatzemats durant un temps necessari per a complir normes espec\u00edfiques, seran bloquejats i \u00fanicament estaran a la disposici\u00f3 de l'autoritat p\u00fablica corresponent.<\/p><p>4.\u00a0\u00a0\u00a0\u00a0\u00a0\u00a0\u00a0<strong>Legitimaci\u00f3<\/strong><\/p><p>La base legal per al tractament de les teves dades radica per:<\/p><p>5.\u00a0\u00a0\u00a0\u00a0\u00a0\u00a0\u00a0<strong>Destinataris<\/strong><\/p><p>Les seves dades personals seran comunicats a tercers en els seg\u00fcents suposats:<\/p><p>No se cediran dades a tercers, excepte obligaci\u00f3 legal<\/p><p>6.\u00a0\u00a0\u00a0\u00a0\u00a0\u00a0\u00a0<strong>Drets<\/strong><\/p><p>T\u00e9 dret a obtenir confirmaci\u00f3 sobre si en\u00a0<strong>GERFINGEST<\/strong><b>\u00a0SL<\/b>\u00a0estem tractant dades personals que el concerneixin, o no.<\/p><p>Aix\u00ed mateix, t\u00e9 dret d'acc\u00e9s a les seves dades personals, aix\u00ed com a sol\u00b7licitar la\u00a0<em>rectificaci\u00f3<\/em>\u00a0de les dades inexactes o, si \u00e9s el cas, sol\u00b7licitar la seva\u00a0<em>supresi\u00f3<\/em>\u00a0quan, entre altres motius, les dades ja no siguin necessaris per als fins que van ser recollits.<\/p><p>En determinades circumst\u00e0ncies, podr\u00e0 sol\u00b7licitar la\u00a0<em>limitaci\u00f3 de tractament<\/em>\u00a0de les seves dades, i en aquest cas \u00fanicament els conservarem per a l'exercici o la defensa de reclamacions.<\/p><p>Addicionalment, en determinades circumst\u00e0ncies i per motius relacionats amb la teva situaci\u00f3 particular, podr\u00e0 exercir el dret de\u00a0<em>oposici\u00f3<\/em>\u00a0al tractament de les seves dades.\u00a0<strong>GERFINGEST<\/strong><b>\u00a0SL<\/b>\u00a0deixar\u00e0 de tractar les dades, excepte per motius leg\u00edtims imperiosos, o l'exercici o la defensa de possibles reclamacions.<\/p><p>Aix\u00ed mateix, pot exercir el dret a la\u00a0<em>portabilitat<\/em>\u00a0de les dades, aix\u00ed com retirar els consentiments facilitats en qualsevol moment, sense que aix\u00f2 afecti la licitud del tractament basat en el consentiment previ a la seva retirada.<\/p><p>Si desitja fer \u00fas de qualsevol dels teus drets pot realitzar-los a trav\u00e9s dels enlla\u00e7os habilitats que trobar\u00e0 a continuaci\u00f3:<\/p><p>o\u00a0\u00a0\u00a0\u00a0Para ejercer su derecho env\u00ede un mensaje a <a href=\"https:\/\/gerfincas.com\/ca\/contacto\/\">contacto<\/a>\u00a0exponiendo su queja.<\/p><p>Alternativament, tamb\u00e9 pot dirigir-se a nosaltres mitjan\u00e7ant correu postal a la seg\u00fcent adre\u00e7a:\u00a0<strong>PLA\u00c7A DEL PROGR\u00c8S, 42 \u2013 (08224) TERRASSA<\/strong>\u00a0adjuntat una fotoc\u00f2pia del DNI, per a la certesa de la seva identitat. Recordi facilitar la major informaci\u00f3 possible sobre la seva sol\u00b7licitud: Nom i cognoms, adre\u00e7a de correu electr\u00f2nic que utilitza per al compte o portal objecte de la teva sol\u00b7licitud.<\/p><p>Finalment, l'informem que pot dirigir-se davant l'Ag\u00e8ncia Espanyola de Protecci\u00f3 de Dades i altres organismes p\u00fablics competents per a qualsevol reclamaci\u00f3 derivada del tractament de les teves dades personals.<\/p><p>7.\u00a0\u00a0\u00a0\u00a0\u00a0\u00a0\u00a0<strong>Pol\u00edtica de cookies<\/strong><\/p><p>Per a con\u00e8ixer les cookies que utilitzem en la nostra p\u00e0gina, recordi que pot accedir a la nostra Pol\u00edtica de Cookies a trav\u00e9s del seg\u00fcent enlla\u00e7\u00a0<a href=\"https:\/\/gerfincas.com\/ca\/politica-de-cookies\/\">pol\u00edtica de cookies<\/a>.<\/p>\t\t\t\t\t\t<\/div>\n\t\t\t\t<\/div>\n\t\t\t\t\t<\/div>\n\t\t\t\t<\/div>\n\t\t\t\t<\/div>","protected":false},"excerpt":{"rendered":"<p>Informacion sobre Protecci\u00f3n de Datos 1.\u00a0\u00a0\u00a0\u00a0\u00a0Datos relativos al Responsable Responsable Tratamiento\u2013 Entidad: GERFINGEST S.L\u2013 CIF de la entidad: B65077380\u2013 Direcci\u00f3n de la entidad: PLA\u00c7A DEL PROGR\u00c8S, 42\u2013 (08224) TERRASSA\u2013 Email de la entidad: INFO@GERFINCAS.COM\u2013 Responsable del tratamiento : GERM\u00c1N ZAFRA MA\u00d1AS\u2013 Tel\u00e9fono del Responsable del tratamiento : 610 435 926\u2013 Direcci\u00f3n email del Responsable del&#8230;<\/p>","protected":false},"author":1,"featured_media":0,"parent":0,"menu_order":0,"comment_status":"closed","ping_status":"closed","template":"","meta":{"footnotes":""},"class_list":["post-3","page","type-page","status-publish","hentry"],"_hostinger_reach_plugin_has_subscription_block":false,"_hostinger_reach_plugin_is_elementor":false,"_links":{"self":[{"href":"https:\/\/gerfincas.com\/ca\/wp-json\/wp\/v2\/pages\/3","targetHints":{"allow":["GET"]}}],"collection":[{"href":"https:\/\/gerfincas.com\/ca\/wp-json\/wp\/v2\/pages"}],"about":[{"href":"https:\/\/gerfincas.com\/ca\/wp-json\/wp\/v2\/types\/page"}],"author":[{"embeddable":true,"href":"https:\/\/gerfincas.com\/ca\/wp-json\/wp\/v2\/users\/1"}],"replies":[{"embeddable":true,"href":"https:\/\/gerfincas.com\/ca\/wp-json\/wp\/v2\/comments?post=3"}],"version-history":[{"count":14,"href":"https:\/\/gerfincas.com\/ca\/wp-json\/wp\/v2\/pages\/3\/revisions"}],"predecessor-version":[{"id":23611,"href":"https:\/\/gerfincas.com\/ca\/wp-json\/wp\/v2\/pages\/3\/revisions\/23611"}],"wp:attachment":[{"href":"https:\/\/gerfincas.com\/ca\/wp-json\/wp\/v2\/media?parent=3"}],"curies":[{"name":"wp","href":"https:\/\/api.w.org\/{rel}","templated":true}]}}