{"id":6198,"date":"2024-08-14T13:42:13","date_gmt":"2024-08-14T13:42:13","guid":{"rendered":"https:\/\/gerfincas.com\/?page_id=6198"},"modified":"2024-08-20T17:03:37","modified_gmt":"2024-08-20T17:03:37","slug":"aviso-legal","status":"publish","type":"page","link":"https:\/\/gerfincas.com\/ca\/aviso-legal\/","title":{"rendered":"Av\u00eds Legal"},"content":{"rendered":"<p>1.\u00a0\u00a0\u00a0\u00a0\u00a0\u00a0<br \/><strong>Objecte i acceptaci\u00f3<\/strong><\/p>\n\n<p>El present av\u00eds legal regula l'\u00fas del nostre lloc web, del qual \u00e9s titular\u00a0<strong>GERFINGEST SL<\/strong>\u00a0. La navegaci\u00f3n por el sitio web de\u00a0<strong>GERFINGEST SL<\/strong>\u00a0atribuye la condici\u00f3n de usuario<br \/>del mateix i implica l'acceptaci\u00f3 plena i sense reserves de totes i cadascuna de<br \/>les disposicions incloses en aquest Av\u00eds Legal, que poden sofrir modificacions. Vost\u00e8 s'obliga a fer un \u00fas correcte del lloc web de conformitat amb les lleis, la bona fe, l'ordre p\u00fablic, els usos del tr\u00e0nsit i el present\u00a0<strong>Av\u00eds Legal<\/strong>. El usted responder\u00e1 frente a\u00a0<strong>GERFINGEST SL<\/strong>\u00a0o frente a terceros, de cualesquiera da\u00f1os y perjuicios que pudieran causarle como consecuencia del incumplimiento de dicha obligaci\u00f3n.<\/p>\n\n<p>2.\u00a0\u00a0\u00a0\u00a0\u00a0\u00a0<br \/><strong>Identificaci\u00f3 i comunicacions<\/strong><\/p>\n\n<p><strong>GERFINGEST SL<\/strong>, en compliment de la Llei 34\/2002, d'11 de juliol, de serveis de la societat de la informaci\u00f3 i de comer\u00e7 electr\u00f2nic, l'informa que:<\/p>\n\n<ul class=\"wp-block-list\">\n<li>La seva denominaci\u00f3 social \u00e9s:\u00a0<strong>GERFINGEST<\/strong><strong>\u00a0SL<\/strong><\/li>\n\n<li>El CIF es: <strong>B65077380<\/strong><\/li>\n\n<li>El domicili social esta a: <strong>PLA\u00c7A DEL PROGR\u00c8S, 42 \u2013 (08224) TERRASSA<\/strong><\/li>\n\n<li>Inscripci\u00f3 al registre mercantil :<\/li>\n<\/ul>\n\n<p>Per a comunicar-se amb nosaltres, posem a la seva disposici\u00f3 diferents mitjans de contacte especificats en la\u00a0<strong>politica<br \/>de privacitat<\/strong>.<\/p>\n\n<p>Totes les notificacions i comunicacions que realitzi amb\u00a0<strong>GERFINGEST SL<\/strong>\u00a0es consideraran efica\u00e7os, amb car\u00e0cter general, sempre que es realitzin pels mitjans especificats<br \/>anteriorment.<\/p>\n\n<p>3.\u00a0\u00a0\u00a0\u00a0\u00a0\u00a0<br \/><strong>Condicions d'acc\u00e9s i utilitzaci\u00f3<\/strong><\/p>\n\n<p>El lloc web i els seus serveis s\u00f3n d'acc\u00e9s lliure, no obstant aix\u00f2,\u00a0<strong>GERFINGEST SL<\/strong>\u00a0condiciona la utilitzaci\u00f3 d'alguns dels serveis oferts en el seu web al previ emplenament del corresponent formulari.<\/p>\n\n<p>Vost\u00e8 garanteix l'autenticitat i actualitat de totes aquelles dades que comuniqui a\u00a0<strong>GERFINGEST SL<\/strong>\u00a0i ser\u00e0 l'\u00fanic responsable de les manifestacions falses o inexactes que realitzi.<\/p>\n\n<p>Vost\u00e8 es compromet expressament a fer un \u00fas adequat dels continguts i serveis del\u00a0<strong>GERFINGEST SL<\/strong>\u00a0i a no emprar-los per a, entre altres:<\/p>\n\n<ul class=\"wp-block-list\">\n<li>Difondre continguts, delictius, violents, pornogr\u00e0fics, racistes, xen\u00f2fob, ofensius, d'apologia del terrorisme o, en general, contraris a la llei o a l'ordre p\u00fablic.<\/li>\n<\/ul>\n\n<ul class=\"wp-block-list\">\n<li>Introduir en la xarxa virus inform\u00e0tics o realitzar actuacions susceptibles d'alterar, espatllar, interrompre o generar errors o danys en els documents electr\u00f2nics, dades o sistemes f\u00edsics i l\u00f2gics de\u00a0<strong>GERFINGEST SL<\/strong>\u00a0o de terceres persones; aix\u00ed com obstaculitzar l'acc\u00e9s d'altres usuaris al lloc web i als seus serveis mitjan\u00e7ant el consum massiu dels recursos inform\u00e0tics a trav\u00e9s dels quals\u00a0<strong>GERFINGEST SL<\/strong>\u00a0presta els seus serveis.<\/li>\n<\/ul>\n\n<ul class=\"wp-block-list\">\n<li>Intentar accedir dades d'altres persones o a \u00e0rees restringides dels sistemes inform\u00e0tics de\u00a0<strong>GERFINGEST SL<\/strong>\u00a0o de tercers i, si \u00e9s el cas, extreure informaci\u00f3.<\/li>\n<\/ul>\n\n<ul class=\"wp-block-list\">\n<li>Vulnerar els drets de propietat intel\u00b7lectual o industrial, aix\u00ed com violar la confidencialitat de la informaci\u00f3 de\u00a0<strong>GERFINGEST SL<\/strong>\u00a0o de tercers.<\/li>\n<\/ul>\n\n<ul class=\"wp-block-list\">\n<li>Suplantar la identitat d'un altre usuari, de les administracions p\u00fabliques o d'un tercer.<\/li>\n<\/ul>\n\n<ul class=\"wp-block-list\">\n<li>Reproduir, copiar, distribuir, posar a disposici\u00f3 o de qualsevol altra forma comunicar p\u00fablicament, transformar o modificar els continguts, tret que es compti amb l'autoritzaci\u00f3 del titular dels corresponents drets o aix\u00f2 resulti legalment perm\u00e8s.<\/li>\n<\/ul>\n\n<ul class=\"wp-block-list\">\n<li>Recaptar dades amb finalitat publicit\u00e0ria i de remetre publicitat de qualsevol classe i comunicacions amb finalitats de venda o altres de naturalesa comercial sense que medi\u00ef la seva pr\u00e8via sol\u00b7licitud o consentiment.<\/li>\n<\/ul>\n\n<p>Tots els continguts del lloc web, com a textos, fotografies, gr\u00e0fics, imatges, icones, tecnologia, programari, aix\u00ed com el seu disseny gr\u00e0fic i codis font, constitueixen una obra la propietat de la qual pertany a\u00a0<strong>GERFINGEST SL<\/strong>, sense que puguin entendre's com cedits cap dels drets d'explotaci\u00f3 sobre els mateixos m\u00e9s enll\u00e0 de l'estrictament necessari per al correcte \u00fas de la web.<\/p>\n\n<p>En definitiva, vost\u00e8 que accedeix a aquest lloc web, pot visualitzar els continguts i efectuar, si \u00e9s el cas, c\u00f2pies privades autoritzades sempre que els elements reprodu\u00efts no siguin cedits posteriorment a tercers, ni s'instal\u00b7lin a servidors connectats a xarxes, ni siguin objecte de cap mena d'explotaci\u00f3.<\/p>\n\n<p>Aix\u00ed mateix, totes les marques, noms comercials o signes distintius de qualsevol classe que apareixen en el lloc web s\u00f3n propietat de\u00a0<strong>GERFINGEST SL<\/strong>, sense que pugui entendre's que l'\u00fas o acc\u00e9s al mateix li atribueixi dret algun sobre aquests.<\/p>\n\n<p>La distribuci\u00f3, modificaci\u00f3, cessi\u00f3 o comunicaci\u00f3 p\u00fablica dels continguts i qualsevol altre acte que no hagi estat expressament autoritzat pel titular dels drets d'explotaci\u00f3 queden prohibits.<\/p>\n\n<p>L'establiment d'un enlla\u00e7 no implica en cap cas l'exist\u00e8ncia de relacions entre\u00a0<strong>GERFINGEST SL<\/strong>\u00a0i el propietari del lloc web en la qual s'estableixi, ni l'acceptaci\u00f3 i aprovaci\u00f3 per part de\u00a0<strong>GERFINGEST SL<\/strong>\u00a0dels seus continguts o serveis. Aquelles persones que es proposin establir un enlla\u00e7 pr\u00e8viament hauran de sol\u00b7licitar autoritzaci\u00f3 per escrit a\u00a0<strong>GERFINGEST SL<\/strong>.<br \/>En tot cas, l'enlla\u00e7 \u00fanicament permetr\u00e0 l'acc\u00e9s a la home-page o p\u00e0gina d'inici del nostre lloc web, aix\u00ed mateix haur\u00e0 d'abstenir-se de realitzar manifestacions o indicacions falses, inexactes o incorrectes sobri\u00a0<strong>GERFINGEST SL<\/strong>, o incloure continguts il\u00b7l\u00edcits, contraris als bons costums i a l'ordre p\u00fablic.<\/p>\n\n<p><strong>GERFINGEST SL<\/strong>\u00a0no es responsabilitza de l'\u00fas que cada usuari li doni als materials posats a disposici\u00f3 en aquest lloc web ni de les actuacions que realitzi sobre la base d'aquests.<\/p>\n\n<p>4.\u00a0\u00a0\u00a0\u00a0\u00a0\u00a0<br \/><strong>Exclusi\u00f3 de garanties i de responsabilitat<\/strong><\/p>\n\n<p><strong>GERFINGEST SL<\/strong>\u00a0exclou, fins on permet l'ordenament jur\u00eddic, qualsevol responsabilitat pels danys i perjudicis de tota naturalesa derivats de:<\/p>\n\n<ul class=\"wp-block-list\">\n<li>La impossibilitat d'acc\u00e9s al lloc web o la falta de veracitat, exactitud, exhaustivitat i\/o actualitat dels continguts, aix\u00ed com l'exist\u00e8ncia de vicis i defectes de tota classe dels continguts transmesos, difosos, emmagatzemats, posats a disposici\u00f3 als quals s'hagi accedit a trav\u00e9s del lloc web o dels serveis que s'ofereixen.<\/li>\n\n<li>La pres\u00e8ncia de virus o d'altres elements en els continguts que puguin produir alteracions en els sistemes inform\u00e0tics, documents electr\u00f2nics o dades dels usuaris.\u00a0<\/li>\n\n<li>L'incompliment de les lleis, la bona fe, l'ordre p\u00fablic, els usos del tr\u00e0nsit i el present av\u00eds legal a conseq\u00fc\u00e8ncia de l'\u00fas incorrecte del lloc web. En particular, i a mode ejemplificativo,\u00a0<strong>GERFINGEST SL<\/strong>\u00a0no es fa responsable de les actuacions de tercers que vulnerin drets de propietat intel\u00b7lectual i industrial, secrets empresarials, drets a l'honor, a la intimitat personal i familiar i a la pr\u00f2pia imatge, aix\u00ed com la normativa en mat\u00e8ria de compet\u00e8ncia deslleial i publicitat il\u00b7l\u00edcita.<\/li>\n<\/ul>\n\n<p>Aix\u00ed mateix\u00a0<strong>GERFINGEST SL<\/strong>\u00a0declina qualsevol responsabilitat respecte a la informaci\u00f3 que es trobi fora d'aquesta web i no sigui gestionada directament pel nostre webmaster. La funci\u00f3 dels links que apareixen en aquesta web \u00e9s exclusivament la d'informar l'usuari sobre l'exist\u00e8ncia d'altres fonts susceptibles d'ampliar els continguts que ofereix aquest lloc web.\u00a0<strong>GERFINGEST SL<\/strong>\u00a0no garanteix ni es<br \/>responsabilitza del funcionament o accessibilitat dels llocs enlla\u00e7ats; ni suggereix, convida o recomana la visita a aquests, per la qual cosa tampoc ser\u00e0 responsable del resultat obtingut.\u00a0<strong>GERFINGEST SL<\/strong>\u00a0no es responsabilitza de l'establiment d'enlla\u00e7os per part de tercers.<\/p>\n\n<p>5.\u00a0\u00a0\u00a0\u00a0\u00a0\u00a0<br \/><strong>Procediment en cas de realitzaci\u00f3 d'activitats de car\u00e0cter il\u00b7l\u00edcit<\/strong><\/p>\n\n<p>En el cas que vost\u00e8 o un tercer consideri que existeixen fets o circumst\u00e0ncies que revelin el car\u00e0cter il\u00b7l\u00edcit de la utilitzaci\u00f3 de qualsevol contingut i\/o de la realitzaci\u00f3 de qualsevol activitat<br \/>en les p\u00e0gines web incloses o accessibles a trav\u00e9s del lloc web, haur\u00e0 de posar-se en contacte amb\u00a0<strong>GERFINGEST SL<\/strong>\u00a0identificant-se degudament, especificant les suposades infraccions i declarant expressament i sota la seva responsabilitat que la informaci\u00f3 proporcionada en la notificaci\u00f3 \u00e9s exacta.<\/p>\n\n<p>Per a tota q\u00fcesti\u00f3 litigiosa que incumbeixi el lloc web de\u00a0<strong>GERFINGEST SL<\/strong>, ser\u00e0 aplicable la legislaci\u00f3 espanyola, sent competents els Jutjats i Tribunals m\u00e9s pr\u00f2xims a la seu de (Espanya).<\/p>\n\n<p>6.\u00a0\u00a0\u00a0\u00a0\u00a0\u00a0<br \/><strong>Publicacions<\/strong><\/p>\n\n<p>La informaci\u00f3 administrativa facilitada a trav\u00e9s del lloc web no substitueix la publicitat legal de les lleis, normatives, plans, disposicions generals i actes que hagin de ser publicats formalment als diaris oficials de les administracions p\u00fabliques, que constitueixen l'\u00fanic instrument que dona fe de la seva autenticitat i contingut. La informaci\u00f3 disponible en aquest lloc web ha d'entendre's com una guia sense prop\u00f2sit de validesa legal.\u00a0<\/p>","protected":false},"excerpt":{"rendered":"<p>1.\u00a0\u00a0\u00a0\u00a0\u00a0\u00a0Objeto y aceptaci\u00f3n El presente aviso legal regula el uso de nuestro sitio web, del que es titular\u00a0GERFINGEST SL\u00a0. La navegaci\u00f3n por el sitio web de\u00a0GERFINGEST SL\u00a0atribuye la condici\u00f3n de usuariodel mismo e implica la aceptaci\u00f3n plena y sin reservas de todas y cada una delas disposiciones incluidas en este Aviso Legal, que pueden sufrir&#8230;<\/p>","protected":false},"author":1,"featured_media":0,"parent":0,"menu_order":0,"comment_status":"closed","ping_status":"closed","template":"","meta":{"footnotes":""},"class_list":["post-6198","page","type-page","status-publish","hentry"],"_hostinger_reach_plugin_has_subscription_block":false,"_hostinger_reach_plugin_is_elementor":false,"_links":{"self":[{"href":"https:\/\/gerfincas.com\/ca\/wp-json\/wp\/v2\/pages\/6198","targetHints":{"allow":["GET"]}}],"collection":[{"href":"https:\/\/gerfincas.com\/ca\/wp-json\/wp\/v2\/pages"}],"about":[{"href":"https:\/\/gerfincas.com\/ca\/wp-json\/wp\/v2\/types\/page"}],"author":[{"embeddable":true,"href":"https:\/\/gerfincas.com\/ca\/wp-json\/wp\/v2\/users\/1"}],"replies":[{"embeddable":true,"href":"https:\/\/gerfincas.com\/ca\/wp-json\/wp\/v2\/comments?post=6198"}],"version-history":[{"count":4,"href":"https:\/\/gerfincas.com\/ca\/wp-json\/wp\/v2\/pages\/6198\/revisions"}],"predecessor-version":[{"id":6203,"href":"https:\/\/gerfincas.com\/ca\/wp-json\/wp\/v2\/pages\/6198\/revisions\/6203"}],"wp:attachment":[{"href":"https:\/\/gerfincas.com\/ca\/wp-json\/wp\/v2\/media?parent=6198"}],"curies":[{"name":"wp","href":"https:\/\/api.w.org\/{rel}","templated":true}]}}