{"id":6400,"date":"2024-08-20T09:08:08","date_gmt":"2024-08-20T09:08:08","guid":{"rendered":"https:\/\/gerfincas.com\/?page_id=6400"},"modified":"2024-08-20T09:10:48","modified_gmt":"2024-08-20T09:10:48","slug":"politica-de-cookies","status":"publish","type":"page","link":"https:\/\/gerfincas.com\/ca\/politica-de-cookies\/","title":{"rendered":"Pol\u00edtica de cookies"},"content":{"rendered":"<div data-elementor-type=\"wp-page\" data-elementor-id=\"6400\" class=\"elementor elementor-6400\">\n\t\t\t\t<div class=\"elementor-element elementor-element-ac067e1 e-flex e-con-boxed e-con e-parent\" data-id=\"ac067e1\" data-element_type=\"container\">\n\t\t\t\t\t<div class=\"e-con-inner\">\n\t\t\t\t<div class=\"elementor-element elementor-element-69cb1f8 elementor-widget elementor-widget-text-editor\" data-id=\"69cb1f8\" data-element_type=\"widget\" data-widget_type=\"text-editor.default\">\n\t\t\t\t<div class=\"elementor-widget-container\">\n\t\t\t\t\t\t\t<h4 class=\"wp-block-heading\">Informaci\u00f3 General de les cookies<\/h4><p>La confian\u00e7a de l'usuari \u00e9s important per a nosaltres, i per conseg\u00fcent, en\u00a0<strong>GERFINGEST SL<\/strong>\u00a0ens preocupa protegir la seva privacitat. Un aspecte important d'aix\u00f2 \u00e9s proporcionar-li tota la informaci\u00f3 possible sobre com utilitzem les teves dades de car\u00e0cter personal, fins i tot com utilitzem l'emmagatzematge local de dades i tecnologia similar<\/p><p>L'emmagatzematge local de dades implica emmagatzemar diferents tipus de dades localment en el seu dispositiu a trav\u00e9s del seu navegador web. Les dades emmagatzemades localment poden, per exemple, contenir la configuraci\u00f3 de l'usuari, informaci\u00f3 sobre com navega pel nostre lloc web, quin navegador web utilitza, quins anuncis s'han mostrat, i el comportament similar en llocs web amb els quals col\u00b7laborem. Les dades emmagatzemades localment poden ser utilitzats per a personalitzar el contingut i les funcions en els nostres serveis de manera que les seves visites siguin m\u00e9s c\u00f2modes i tinguin m\u00e9s sentit.<\/p><p>Un m\u00e8tode d'emmagatzematge local de dades s\u00f3n les cookies. Les cookies s\u00f3n petits arxius de text que s'emmagatzemen en el seu dispositiu (PC, tel\u00e8fon m\u00f2bil o tauleta) que ens permeten recon\u00e8ixer el seu navegador web. Les cookies contenen informaci\u00f3 principalment sobre el seu navegador web i sobre qualsevol activitat que s'ha produ\u00eft en ell. Ens ajuden a garantir la seguretat i el funcionament \u00f2ptim del nostre lloc web, una vegada surt de la nostra web aquestes s\u00f3n eliminades (cookies de seguretat i cookies de sessi\u00f3) i recullen informaci\u00f3 sobre els productes que els interessen a les nostres visites d'internet i sobre com naveguen a trav\u00e9s del nostre lloc web perqu\u00e8 les nostres ofertes en l\u00ednia siguin m\u00e9s atractives per als usuaris (cookies de seguiment).<\/p><h4 class=\"wp-block-heading\">Informaci\u00f3 complement\u00e0ria de la cookies<\/h4><p>Utilitzem l'emmagatzematge local de dades per a una s\u00e8rie de fins, com ara: permetre'ns realitzar els nostres serveis; aportar-te contingut pertinent, personalitzat quan visites els nostres llocs web; mesurar i analitzar el tr\u00e0nsit en el nostre lloc web; millorar els nostres serveis; i dirigir publicitat espec\u00edfica. A continuaci\u00f3, s'ofereixen m\u00e9s detalls sobre aquests temes:<\/p><ul><li>Per a la nostra publicitat<\/li><li>Per a analitzar i millorar els nostres serveis<\/li><li>Per a lliurar i adaptar els serveis al seu \u00fas<\/li><\/ul><p>\u00a0<\/p><h4 class=\"wp-block-heading\">Gesti\u00f3 de les cookies<\/h4><p>Pot desactivar les cookies o configurar el seu navegador perqu\u00e8 li avisi quan t'envien una cookie.<\/p><p>La configuraci\u00f3 en el seu navegador web normalment mostra una llista de totes les cookies que han estat emmagatzemades per a proporcionar-li una visi\u00f3 general i, si ho desitja, per a eliminar les cookies no desitjades. Normalment, pot indicar que accepta l'emmagatzematge de cookies dels llocs web que visites o de tercers afiliats a aquests llocs web. Tamb\u00e9 pot triar ser notificat cada vegada que s'emmagatzema una nova cookie. Se li proporciona a continuaci\u00f3 orientaci\u00f3 sobre com fer aix\u00f2 en diferents navegadors web. El seu navegador web emmagatzema normalment cookies en una carpeta espec\u00edfica en el seu disc dur, de manera que pugui examinar tamb\u00e9 el contingut amb m\u00e9s detall.<\/p><p>No obstant aix\u00f2, les cookies que s\u00f3n presents en el lloc web canvien amb freq\u00fc\u00e8ncia, i no totes les cookies s\u00f3n igual d'importants. Per conseg\u00fcent, si <strong>GERFINGEST<\/strong><strong>\u00a0SL<\/strong>\u00a0canvia l'\u00fas de les cookies de seguiment, se li notificar\u00e0 amb un missatge.<\/p><p>Aix\u00ed mateix, hi ha disponibles serveis que han estat desenvolupats especialment per a proporcionar als usuaris una llista actualitzada de cookies i altres mecanismes de seguiment.<\/p><p>Tingui en compte que si vost\u00e8 les desactiva, \u00e9s possible que no pugui gaudir de totes les funcionalitats del nostre lloc web<\/p><p>A continuaci\u00f3, se li presenta un resum de com les dades emmagatzemades localment poden ser gestionats en diferents navegadors web. Tingui en compte que aquest proc\u00e9s pot canviar i que les descripcions donades aqu\u00ed poden no estar actualitzades.<\/p><h5 class=\"wp-block-heading\">Gesti\u00f3 de cookies amb Google Chrome<\/h5><ul><li>Com eliminar cookies:<ol><li>Ves a Configuraci\u00f3 en el men\u00fa del seu navegador.<\/li><li>Fes clic a Mostrar configuraci\u00f3 avan\u00e7ada.<\/li><li>Fes clic a Eliminar dades de navegaci\u00f3.<\/li><li>Selecciona el per\u00edode de temps per al qual desitges eliminar la informaci\u00f3 en el men\u00fa en la part superior. Si desitges eliminar totes les cookies en el navegador, fes clic en Des de l'origen dels temps.<\/li><li>Marca Cookies i altres dades de llocs i complements.<\/li><li>Fes clic a Esborrar dades de navegaci\u00f3.<\/li><li>Tanca la finestra.<\/li><\/ol><\/li><li>Com evitar que les cookies s'emmagatzemin en el navegador web:<ol><li>Ves a Configuraci\u00f3 en el men\u00fa del seu navegador.<\/li><li>Fes clic a Mostrar configuraci\u00f3 avan\u00e7ada i despr\u00e9s fes clic en Configuraci\u00f3 de contingut.<\/li><li>En Cookies, selecciona la teva opci\u00f3 preferida. Si desitja evitar que totes les cookies s'emmagatzemin, faci clic a No permetre que es guardin dades dels llocs.<\/li><li>Fes clic en Fet.<\/li><li>Tanca la finestra.<\/li><\/ol><\/li><\/ul><h5 class=\"wp-block-heading\">Gesti\u00f3 de cookies amb Safari<\/h5><ul><li>Com eliminar cookies:<ol><li>Anar a Prefer\u00e8ncies en el men\u00fa del seu navegador.<\/li><li>Fes clic en la pestanya Privacitat.<\/li><li>Fes clic a Eliminar totes les dades dels llocs web i despr\u00e9s fes clic a Eliminar per a eliminar totes les cookies.<\/li><li>Tanca la finestra.<\/li><\/ol><\/li><li>Com evitar que les cookies s'emmagatzemin en el seu navegador web:<ol><li>Anar a Prefer\u00e8ncies en el men\u00fa del seu navegador.<\/li><li>Fes clic en la pestanya Privacitat.<\/li><li>En Cookies i dades de llocs web selecciona la teva opci\u00f3 preferida. Si desitges evitar que totes les cookies s'emmagatzemin, fes clic a Bloquejar sempre.<\/li><li>Tanca la finestra.<\/li><\/ol><\/li><\/ul><h5 class=\"wp-block-heading\">Gesti\u00f3 de cookies amb Mozilla Firefox<\/h5><ul><li>Com eliminar cookies:<ol><li>Anar a opcions en el men\u00fa del navegador.<\/li><li>Fes clic en la pestanya Privacitat.<\/li><li>Fes clic a Mostrar cookies.<\/li><li>Selecciona les cookies que desitges eliminar i fes clic a Eliminar seleccionades. Fes clic a Eliminar totes si desitges eliminar totes les cookies en el teu navegador web.<\/li><li>Tanca la finestra. Qualsevol canvi que hagis fet es guardar\u00e0 autom\u00e0ticament.<\/li><\/ol><\/li><li>Com evitar que les cookies s'emmagatzemin en el teu navegador web:<ol><li>Ves a Configuraci\u00f3 en el men\u00fa del seu navegador.<\/li><li>Selecciona la pestanya Privacitat<\/li><li>En Historial, fes clic a Usar una configuraci\u00f3 personalitzada per a l'historial.<\/li><li>Selecciona les teves opcions preferides a Permetre cookies de llocs web. Si desitges evitar que totes les cookies s'emmagatzemin, desactiva la casella Acceptar cookies de llocs web<\/li><li>Tanca la finestra. Qualsevol canvi que hagis fet es guardar\u00e0 autom\u00e0ticament.<\/li><\/ol><\/li><\/ul><h5 class=\"wp-block-heading\">Gesti\u00f3 de cookies amb Internet Explorer<\/h5><ul><li>Com eliminar cookies:<ol><li>Anar a Eines (icona de roda dentada) en el men\u00fa del teu navegador.<\/li><li>Fes clic en Propietats d'Internet.<\/li><li>En la pestanya General \u2013 Historial de navegaci\u00f3, fes clic a Eliminar.<\/li><li>Assegura't de marcar l'opci\u00f3 Cookies i dades de llocs web.<\/li><li>Fes clic a Eliminar.<\/li><li>Fes clic a OK.<\/li><\/ol><\/li><li>Com evitar que les cookies s'emmagatzemin en el seu navegador web:<ol><li>Anar a Eines (icona de roda dentada) en el men\u00fa del teu navegador.<\/li><li>Fes clic en Opcions d'Internet i despr\u00e9s fes clic en la pestanya Privacitat.<\/li><li>Mou la barra lliscant al nivell desitjat. Si desitges evitar que totes les cookies s'emmagatzemin, selecciona el nivell Bloquejar totes les cookies.<\/li><li>Fes clic a OK.<\/li><\/ol><\/li><\/ul><h5 class=\"wp-block-heading\">Gesti\u00f3 de cookies amb Opera<\/h5><ul><li>Com eliminar cookies:<ol><li>Ves a Configuraci\u00f3 en el men\u00fa del seu navegador.<\/li><li>Selecciona la pestanya Privacitat i Seguretat.<\/li><li>Fes clic en Cookies i despr\u00e9s fes clic en Totes les cookies i dades de llocs web.<\/li><li>Selecciona les cookies que desitges eliminar i fes clic a Eliminar. Fes clic a Eliminar totes si desitges eliminar totes les cookies en el teu navegador web.<\/li><li>Fes clic en Fet.<\/li><li>Tanca la finestra.<\/li><\/ol><\/li><li>Com evitar que les cookies s'emmagatzemin en el seu navegador web:<ol><li>Ves a Configuraci\u00f3 en el men\u00fa del seu navegador.<\/li><li>Selecciona la pestanya Privacitat i Seguretat.<\/li><li>Tanca la finestra.<\/li><\/ol><\/li><\/ul><h5 class=\"wp-block-heading\">Informaci\u00f3 de contacte<\/h5><p>Per a major transpar\u00e8ncia, si t\u00e9 alguna pregunta relativa a l'\u00fas de l'emmagatzematge local del nostre lloc web, posi's en contacte amb nosaltres en <a href=\"mailto:info@gerfincas.com\"><strong>info@gerfincas.com<\/strong><\/a>, indicant en l'assumpte \u00abPol\u00edtica de cookies\u201d<\/p>\t\t\t\t\t\t<\/div>\n\t\t\t\t<\/div>\n\t\t\t\t\t<\/div>\n\t\t\t\t<\/div>\n\t\t\t\t<\/div>","protected":false},"excerpt":{"rendered":"<p>Informaci\u00f3n General de las cookies La confianza del usuario es importante para nosotros, y por consiguiente, en\u00a0GERFINGEST SL\u00a0nos preocupa proteger su privacidad. Un aspecto importante de esto es proporcionarle toda la informaci\u00f3n posible sobre c\u00f3mo utilizamos tus datos de car\u00e1cter personal, incluso c\u00f3mo utilizamos el almacenamiento local de datos y tecnolog\u00eda similar El almacenamiento local&#8230;<\/p>","protected":false},"author":1,"featured_media":0,"parent":0,"menu_order":0,"comment_status":"closed","ping_status":"closed","template":"","meta":{"footnotes":""},"class_list":["post-6400","page","type-page","status-publish","hentry"],"_hostinger_reach_plugin_has_subscription_block":false,"_hostinger_reach_plugin_is_elementor":false,"_links":{"self":[{"href":"https:\/\/gerfincas.com\/ca\/wp-json\/wp\/v2\/pages\/6400","targetHints":{"allow":["GET"]}}],"collection":[{"href":"https:\/\/gerfincas.com\/ca\/wp-json\/wp\/v2\/pages"}],"about":[{"href":"https:\/\/gerfincas.com\/ca\/wp-json\/wp\/v2\/types\/page"}],"author":[{"embeddable":true,"href":"https:\/\/gerfincas.com\/ca\/wp-json\/wp\/v2\/users\/1"}],"replies":[{"embeddable":true,"href":"https:\/\/gerfincas.com\/ca\/wp-json\/wp\/v2\/comments?post=6400"}],"version-history":[{"count":4,"href":"https:\/\/gerfincas.com\/ca\/wp-json\/wp\/v2\/pages\/6400\/revisions"}],"predecessor-version":[{"id":6404,"href":"https:\/\/gerfincas.com\/ca\/wp-json\/wp\/v2\/pages\/6400\/revisions\/6404"}],"wp:attachment":[{"href":"https:\/\/gerfincas.com\/ca\/wp-json\/wp\/v2\/media?parent=6400"}],"curies":[{"name":"wp","href":"https:\/\/api.w.org\/{rel}","templated":true}]}}